{"id":3700,"date":"2016-09-22T15:50:30","date_gmt":"2016-09-22T15:50:30","guid":{"rendered":"http:\/\/www.taga-golf.com\/tg\/?page_id=3700"},"modified":"2026-03-17T19:51:32","modified_gmt":"2026-03-17T19:51:32","slug":"reglamento","status":"publish","type":"page","link":"http:\/\/www.taga-golf.com\/tg\/reglamento\/","title":{"rendered":"Reglamento Ranking ANUAL 2026"},"content":{"rendered":"\n<pre class=\"wp-block-code\"><code><strong>1. Modalidad de Juego.\nLa Modalidad de juego que se implementar\u00e1 en la competencia ser\u00e1 Medal Play, (juego por golpes). Las mismas se desarrollar\u00e1n bajo el reglamento de la AAG (R&amp;A) 2026.\n\n2. Participantes.\nPodr\u00e1n participar en la competencia, jugadores con handicap nacional, provisto por la Asociaci\u00f3n Argentina de Golf, que se encuentren con la matricula anual vigente.\n\n3. Reservas de horarios de salida.\nLas reservas de horario correspondiente a cada competencia a disputarse se podr\u00e1n realizar en www.taga-golf.com, en la plataforma de reservas www.adondejugamos.com, v\u00eda mail a info@taga-golf.com o bien a los tel\u00e9fonos publicados en nuestra Web.\n\n4. Categor\u00edas.\nMixta: Hasta 14,4- 14.5-22.4 y 22.5-54.0 para torneos regulares.\n\nDamas: Se abrir\u00e1 la categor\u00eda exclusivamente para torneos y no conformar\u00e1 un ranking espec\u00edfico para esa categor\u00eda. (ver punto 7).\n\nSe abrir\u00e1 el torneo y\/o las categor\u00edas, incluyendo Damas,  que cuenten con al menos 10 tarjetas presentadas o 16 jugadores\/as. El comit\u00e9 de torneo junto con las autoridades de los campos donde se disputen las fechas, podr\u00e1n disponer de las aperturas y aprobaciones de los torneos a su discreci\u00f3n.\nEn caso de no completarse la categor\u00eda Hasta 14.4, se realizar\u00e1n 2 categor\u00edas, Hasta 16.9 y 17.0 a 54.0, o Hasta 18.0 y 18.1 a 54.0, o de +8 a 54.0 en caso de no haber 10 tarjetas presentadas.\nDe no haber 10 tarjetas presentadas en un torneo, el ganador no recibir\u00e1 premio pero se computar\u00e1n los puntos para el Ranking correspondiente.\n\n5. Competencias de destrezas especiales.\n\nBest Approach: Se declarar\u00e1 ganador\/a de esta competencia a aquel\/la jugador\/a cuya pelota descanse sobre el Green y m\u00e1s cerca de la taza del hoyo que ha sido designado para tal competencia, luego de ejecutar un tiro en reglamento.\n\n6. Desempate.\nEn caso de empates, se determinar\u00e1 el ganador tomando el mejor score neto de los \u00faltimos 9 hoyos (10-18), de persistir la igualdad, de los \u00faltimos 6 hoyos, de continuar, de los \u00faltimos 3 hoyos o finalmente del hoyo 18, en caso de persistir el empate se definir\u00e1 por sorteo. En todos los casos se deducir\u00e1 el handicap proporcional a la cantidad de hoyos que se utilicen para la definici\u00f3n, es decir, 9 hoyos mitad del handicap, 6 hoyos un tercio, 3 hoyos un sexto, etc.). \nNota: seg\u00fan recomendaciones de la A.A.G.\n\n7. Rankings.\n\n\nHabr\u00e1 un Ranking Anual del 1 de Marzo al 30 de Noviembre, divididos por categor\u00edas Handicap Index (Hasta 14.4- 14.5 a 22.4- y 22.5 a 54) :\n\nRanking Anual del 1 de Marzo al 30 de Noviembre\n \nEl Ranking ser\u00e1 por suma de puntos que ser\u00e1n adjudicados de la siguiente manera:\n\n\nPUNTOS POR CONTRAPAR (HOY POR HOYO)\n\nSe jugar\u00e1 con el 85% del handicap vigente. En la siguiente tabla se observa el score neto de handicap posible en cada tipo (par) de hoyo y los puntos correspondientes.\n\n\tPUNTOS\t\t\t\nSCORE\tPAR 3\tPAR 4\tPAR 5\tPAR 6\n1\t+3\t+4\t+5\t+6\n2\t+2\t+3\t+4\t+5\n3\t+1\t+2\t+3\t+4\n4\t 0\t+1\t+2\t+3\n5\t-1\t 0\t+1\t+2\n6\t-2\t-1\t 0\t+1\n7\t-2\t-2\t-1\t 0\n8\t-2\t-2\t-2\t-1\n9 \u00f3 +\t-2\t-2\t-2\t-2\n\nPUNTOS POR ESTADO DE TARJETA:\n\nESTADO\t                    PUNTOS\n\nCOMPLETA\t\t         +2\n\nNOTA: Los jugadores que se encuentren el en las primeras posiciones con posibilidades de consagrarse ganador del Ranking en etapas definitorias deber\u00e1n jugar en la misma l\u00ednea de partida.\n\t\t\t\t\t\t\t\n\n7. Premiaciones.\nTorneos: Se premiar\u00e1 en cada torneo a los ganadores (1er puesto) de cada categor\u00eda y las competencias de Best Approach.\n\nRankings: Solo ser\u00e1n clasificatorios para la Gran Final 2026 , los cuales clasificar\u00e1n los 20 primeros puestos de cada categor\u00eda del Ranking.\nLos Ganadores del Ranking de cada Categor\u00eda recibir\u00e1n UN GOLPE EXTRA para disputar La Gran Final.\n\nEn caso de ausencia de un Ganador o jugador clasificado a la Gran Final, ser\u00e1 reemplazado por el jugador subsiguiente del mismo Ranking.\n\n\n8.Gran Final\nSe disputar\u00e1 a 18 Hoyos Medal Play entre los 20 clasificados del Ranking Anual y se jugar\u00e1n 3 Categor\u00edas Handicap Index (Hasta 14.4- 14.5 a 22.4- y 22.5 a 54) \nCampe\u00f3n Anual: Se premiar\u00e1 al 1er y 2do jugador de La Gran Final 2026\n\n\nNota: El Jugador que modifique su handicap y cambie de categor\u00eda al finalizar un Ranking, deber\u00e1 jugar La Gran Final con el handicap del d\u00eda que se dispute esta competencia.\nEl Comit\u00e9 organizador del Circuito se reserva el derecho de admisi\u00f3n a la participaci\u00f3n de los torneos organizados a discreci\u00f3n. Y de modificar h\u00e1ndicaps por impresi\u00f3n en caso de ser necesario.\n \t\t\t\t\t\t\n\n9. Campeones.\nResultar\u00e1 CAMPEON el Ganador de La Gran Final a disputarse en Diciembre (fecha a definir)\n\n10. Empates en definici\u00f3n de la Gran Final\nEn caso de que ocurriera un empate entre 2 o m\u00e1s jugadores, el desempate ser\u00e1 autom\u00e1tico.\n\n\n11. Suspensiones.\nEn caso de suspensi\u00f3n de una competencia, ya sea por lluvia, tormentas el\u00e9ctricas o motivos de cualquier otra \u00edndole, la organizaci\u00f3n determinara la validez de la misma. (Para que sea v\u00e1lida una competencia deber\u00e1n haber finalizado la vuelta el 50% de los participantes). Si una competencia es invalidada, no se otorgar\u00e1n puntos para el ranking, ni premios, ni tampoco se reembolsar\u00e1 el valor de la inscripci\u00f3n correspondiente a la misma.<\/strong>\n<strong>\n<\/strong><\/code><\/pre>\n","protected":false},"excerpt":{"rendered":"1. Modalidad de Juego. La Modalidad de juego que se implementar\u00e1 en la competencia ser\u00e1 Medal Play, (juego por golpes). Las mismas se desarrollar\u00e1n bajo el reglamento de la AAG...","protected":false},"author":1,"featured_media":0,"parent":0,"menu_order":0,"comment_status":"closed","ping_status":"closed","template":"","meta":{"footnotes":""},"class_list":["post-3700","page","type-page","status-publish","hentry"],"_links":{"self":[{"href":"http:\/\/www.taga-golf.com\/tg\/wp-json\/wp\/v2\/pages\/3700","targetHints":{"allow":["GET"]}}],"collection":[{"href":"http:\/\/www.taga-golf.com\/tg\/wp-json\/wp\/v2\/pages"}],"about":[{"href":"http:\/\/www.taga-golf.com\/tg\/wp-json\/wp\/v2\/types\/page"}],"author":[{"embeddable":true,"href":"http:\/\/www.taga-golf.com\/tg\/wp-json\/wp\/v2\/users\/1"}],"replies":[{"embeddable":true,"href":"http:\/\/www.taga-golf.com\/tg\/wp-json\/wp\/v2\/comments?post=3700"}],"version-history":[{"count":64,"href":"http:\/\/www.taga-golf.com\/tg\/wp-json\/wp\/v2\/pages\/3700\/revisions"}],"predecessor-version":[{"id":4755,"href":"http:\/\/www.taga-golf.com\/tg\/wp-json\/wp\/v2\/pages\/3700\/revisions\/4755"}],"wp:attachment":[{"href":"http:\/\/www.taga-golf.com\/tg\/wp-json\/wp\/v2\/media?parent=3700"}],"curies":[{"name":"wp","href":"https:\/\/api.w.org\/{rel}","templated":true}]}}