{"id":2921,"date":"2015-05-06T22:37:02","date_gmt":"2015-05-06T22:37:02","guid":{"rendered":"http:\/\/rockythemes.com\/creativo\/?page_id=2921"},"modified":"2021-03-06T21:20:15","modified_gmt":"2021-03-06T21:20:15","slug":"institucional","status":"publish","type":"page","link":"http:\/\/www.taga-golf.com\/tg\/institucional\/","title":{"rendered":"Institucional"},"content":{"rendered":"[vc_row parallax=\u00bbyes\u00bb css=\u00bb.vc_custom_1469312160207{padding-top: 300px !important;padding-bottom: 200px !important;background-image: url(http:\/\/www.m8000484.ferozo.com\/tg\/wp-content\/uploads\/2015\/05\/fondo-institucional.jpg?id=3537) !important;}\u00bb][vc_column css=\u00bb.vc_custom_1426636836200{padding: 0px !important;}\u00bb][vc_custom_heading text=\u00bbTour Argentino de Golf para Aficionados\u00bb font_container=\u00bbtag:h2|font_size:50|text_align:center|color:%23eaeaea|line_height:1.5&#8243; google_fonts=\u00bbfont_family:Lato%3A100%2C100italic%2C300%2C300italic%2Cregular%2Citalic%2C700%2C700italic%2C900%2C900italic|font_style:700%20bold%20regular%3A700%3Anormal\u00bb][vc_separator style=\u00bbblank\u00bb padding_top=\u00bb5&#8243; padding_bottom=\u00bb5&#8243;][\/vc_column][\/vc_row][vc_row css=\u00bb.vc_custom_1426638008345{padding-top: 80px !important;padding-bottom: 80px !important;}\u00bb][vc_column width=\u00bb1\/2&#8243;][vc_column_text]<img loading=\"lazy\" decoding=\"async\" class=\"alignnone wp-image-3196\" src=\"http:\/\/www.m8000484.ferozo.com\/tg\/wp-content\/uploads\/2016\/04\/IMG_0570-300x200.jpg\" alt=\"\" width=\"560\" height=\"373\" srcset=\"http:\/\/www.taga-golf.com\/tg\/wp-content\/uploads\/2016\/04\/IMG_0570-300x200.jpg 300w, http:\/\/www.taga-golf.com\/tg\/wp-content\/uploads\/2016\/04\/IMG_0570-768x512.jpg 768w, http:\/\/www.taga-golf.com\/tg\/wp-content\/uploads\/2016\/04\/IMG_0570-800x533.jpg 800w, http:\/\/www.taga-golf.com\/tg\/wp-content\/uploads\/2016\/04\/IMG_0570-600x400.jpg 600w, http:\/\/www.taga-golf.com\/tg\/wp-content\/uploads\/2016\/04\/IMG_0570-345x230.jpg 345w, http:\/\/www.taga-golf.com\/tg\/wp-content\/uploads\/2016\/04\/IMG_0570.jpg 975w\" sizes=\"auto, (max-width: 560px) 100vw, 560px\" \/>[\/vc_column_text][\/vc_column][vc_column width=\u00bb1\/2&#8243; css=\u00bb.vc_custom_1426637664908{padding-right: 40px !important;padding-left: 40px !important;}\u00bb][vc_separator style=\u00bbblank\u00bb padding_top=\u00bb15&#8243; padding_bottom=\u00bb15&#8243;][vc_custom_heading text=\u00bbMISI\u00d3N\u00bb font_container=\u00bbtag:h2|font_size:30|text_align:left|color:%233f3f3f\u00bb google_fonts=\u00bbfont_family:Raleway%3A100%2C200%2C300%2Cregular%2C500%2C600%2C700%2C800%2C900|font_style:500%20bold%20regular%3A500%3Anormal\u00bb][vc_separator style=\u00bbblank\u00bb padding_top=\u00bb5&#8243; padding_bottom=\u00bb5&#8243;]<div class=\"separator-wrap-1\"><style type=\"text\/css\" scoped=\"scoped\">.separator-wrap-1 .separator-el {padding-top: 20px;padding-bottom: 30px;}.separator-wrap-1 .separator-el .line{}.separator-wrap-1 .line, .separator-wrap-1 .separator-el-left, .separator-wrap-1 .separator-el-right {background-color:#444444;}<\/style><div class=\"separator-el relative \"><div class=\"line w-10 h-1 bg-gray-700 ml-0 mr-auto \"><\/div><\/div><\/div>[vc_column_text]Nuestro esfuerzo y conocimiento estar\u00e1 focalizado en crear y administrar el mejor circuito de golf para aficionados de la Rep\u00fablica Argentina y producir los mejores eventos de golf que resulten en la m\u00e1xima satisfacci\u00f3n para los jugadores y las empresas que conf\u00edan en nuestro servicio.<\/p>\n<p>Mediante elementos de afinidad, crearemos beneficios para que todos los participantes puedan disfrutar del \u201cvalor\u201d de nuestro servicio, m\u00e1s all\u00e1 de los l\u00edmites de los campos de golf.[\/vc_column_text][vc_separator style=\u00bbblank\u00bb padding_top=\u00bb15&#8243; padding_bottom=\u00bb15&#8243;][\/vc_column][\/vc_row][vc_row css=\u00bb.vc_custom_1427071387983{padding-top: 80px !important;padding-bottom: 80px !important;}\u00bb][vc_column width=\u00bb1\/2&#8243;][vc_separator style=\u00bbblank\u00bb padding_top=\u00bb10&#8243; padding_bottom=\u00bb10&#8243;][vc_custom_heading text=\u00bbVISI\u00d3N\u00bb font_container=\u00bbtag:h2|font_size:30|text_align:center|color:%233f3f3f\u00bb google_fonts=\u00bbfont_family:Raleway%3A100%2C200%2C300%2Cregular%2C500%2C600%2C700%2C800%2C900|font_style:500%20bold%20regular%3A500%3Anormal\u00bb]<div class=\"separator-wrap-2\"><style type=\"text\/css\" scoped=\"scoped\">.separator-wrap-2 .separator-el {padding-top: 20px;padding-bottom: 30px;}.separator-wrap-2 .separator-el .line{}.separator-wrap-2 .line, .separator-wrap-2 .separator-el-left, .separator-wrap-2 .separator-el-right {background-color:#444444;}<\/style><div class=\"separator-el relative \"><div class=\"line w-10 h-1 bg-gray-700 mx-auto \"><\/div><\/div><\/div>[vc_separator style=\u00bbblank\u00bb padding_top=\u00bb10&#8243; padding_bottom=\u00bb10&#8243;][vc_column_text]T.A.G.A. ser\u00e1 el circuito de golf por excelencia gracias a su enfoque y calidad de atenci\u00f3n.<\/p>\n<p>T.A.G.A. ser\u00e1 un espacio para demostrar el inter\u00e9s que las empresas y marcas tienen en la comunidad golfista.<\/p>\n<p>En T.A.G.A. los golfistas podr\u00e1n disfrutar de beneficios directos y tangibles, adem\u00e1s de jugar en las mejores canchas de nuestro pa\u00eds.<\/p>\n<p>T.A.G.A. ser\u00e1 un nuevo espacio para el encuentro deportivo y social.<\/p>\n<p>T.A.G.A. ser\u00e1 un s\u00edmbolo de valor sustentado en su calidad de SERVICIO.[\/vc_column_text][vc_separator style=\u00bbblank\u00bb padding_top=\u00bb10&#8243; padding_bottom=\u00bb10&#8243;][\/vc_column][vc_column width=\u00bb1\/2&#8243;][vc_column_text]<img loading=\"lazy\" decoding=\"async\" class=\"alignnone wp-image-3164\" src=\"http:\/\/www.m8000484.ferozo.com\/tg\/wp-content\/uploads\/2016\/04\/slide3-300x164.jpg\" alt=\"\" width=\"560\" height=\"306\" srcset=\"http:\/\/www.taga-golf.com\/tg\/wp-content\/uploads\/2016\/04\/slide3-300x164.jpg 300w, http:\/\/www.taga-golf.com\/tg\/wp-content\/uploads\/2016\/04\/slide3-768x419.jpg 768w, http:\/\/www.taga-golf.com\/tg\/wp-content\/uploads\/2016\/04\/slide3-1024x559.jpg 1024w, http:\/\/www.taga-golf.com\/tg\/wp-content\/uploads\/2016\/04\/slide3.jpg 1894w\" sizes=\"auto, (max-width: 560px) 100vw, 560px\" \/>[\/vc_column_text][\/vc_column][\/vc_row][vc_row css=\u00bb.vc_custom_1427066406579{padding-top: 80px !important;padding-bottom: 60px !important;}\u00bb][vc_column][vc_custom_heading text=\u00bbSERVICIOS\u00bb font_container=\u00bbtag:h2|font_size:30|text_align:center|color:%233f3f3f\u00bb google_fonts=\u00bbfont_family:Raleway%3A100%2C200%2C300%2Cregular%2C500%2C600%2C700%2C800%2C900|font_style:500%20bold%20regular%3A500%3Anormal\u00bb]<div class=\"separator-wrap-3\"><style type=\"text\/css\" scoped=\"scoped\">.separator-wrap-3 .separator-el {padding-top: 20px;padding-bottom: 30px;}.separator-wrap-3 .separator-el .line{}.separator-wrap-3 .line, .separator-wrap-3 .separator-el-left, .separator-wrap-3 .separator-el-right {background-color:#444444;}<\/style><div class=\"separator-el relative \"><div class=\"line w-10 h-1 bg-gray-700 mx-auto \"><\/div><\/div><\/div>[vc_custom_heading text=\u00bbCircuito de Golf. T.A.G.A. es un circuito de golf que se destaca por su calidad de comunicaci\u00f3n y atenci\u00f3n personalizada por sus titulares.<br \/>\nContamos con servicios de registraci\u00f3n y reservas totalmente gratuito y contamos con los mejores premios de todos los tours que poseen caracter\u00edsticas similares de competici\u00f3n.<br \/>\nNuestra meta es generar expectativa y un escenario agradable para que todos los participantes lleguen a nuestros torneos con \u201cganas\u201d de jugar y compartir horas con grata compa\u00f1\u00eda y buena contenci\u00f3n.<br \/>\n\u00bb font_container=\u00bbtag:h2|font_size:20|text_align:center|color:%233f3f3f\u00bb google_fonts=\u00bbfont_family:Raleway%3A100%2C200%2C300%2Cregular%2C500%2C600%2C700%2C800%2C900|font_style:400%20regular%3A400%3Anormal\u00bb][\/vc_column][\/vc_row][vc_row css=\u00bb.vc_custom_1427066406579{padding-top: 80px !important;padding-bottom: 60px !important;}\u00bb][vc_column][vc_custom_heading text=\u00bbEVENTOS CORPORATIVOS\u00bb font_container=\u00bbtag:h2|font_size:30|text_align:center|color:%233f3f3f\u00bb google_fonts=\u00bbfont_family:Raleway%3A100%2C200%2C300%2Cregular%2C500%2C600%2C700%2C800%2C900|font_style:500%20bold%20regular%3A500%3Anormal\u00bb]<div class=\"separator-wrap-4\"><style type=\"text\/css\" scoped=\"scoped\">.separator-wrap-4 .separator-el {padding-top: 20px;padding-bottom: 30px;}.separator-wrap-4 .separator-el .line{}.separator-wrap-4 .line, .separator-wrap-4 .separator-el-left, .separator-wrap-4 .separator-el-right {background-color:#444444;}<\/style><div class=\"separator-el relative \"><div class=\"line w-10 h-1 bg-gray-700 mx-auto \"><\/div><\/div><\/div>[vc_custom_heading text=\u00bbEl golf es uno de los mejores instrumentos para generar afinidad con clientes, partners y proveedores. Todos sabemos cuanto se valoran las invitaciones a torneos o eventos especiales organizados por grandes empresas, marcas y grupos empresarios. En nuestro caso, estos eventos son organizados a medida. Nuestro estilo es 100% adaptable a cada presupuesto, tratando de responder a cada necesidad de manera eficiente y pensando en generar el mejor efecto comercial con la mejor administraci\u00f3n de los recursos. Nuestro background empresarial representa una ventaja competitiva y una herramienta de pensamiento global a la hora del \u201carmado\u201d del evento.\u00bb font_container=\u00bbtag:h2|font_size:20|text_align:center|color:%233f3f3f\u00bb google_fonts=\u00bbfont_family:Raleway%3A100%2C200%2C300%2Cregular%2C500%2C600%2C700%2C800%2C900|font_style:400%20regular%3A400%3Anormal\u00bb][\/vc_column][\/vc_row]\n","protected":false},"excerpt":{"rendered":"<p>[vc_row parallax=\u00bbyes\u00bb css=\u00bb.vc_custom_1469312160207{padding-top: 300px !important;padding-bottom: 200px !important;background-image: url(http:\/\/www.m8000484.ferozo.com\/tg\/wp-content\/uploads\/2015\/05\/fondo-institucional.jpg?id=3537) !important;}\u00bb][vc_column css=\u00bb.vc_custom_1426636836200{padding: 0px !important;}\u00bb][vc_custom_heading text=\u00bbTour Argentino de Golf para Aficionados\u00bb font_container=\u00bbtag:h2|font_size:50|text_align:center|color:%23eaeaea|line_height:1.5&#8243; google_fonts=\u00bbfont_family:Lato%3A100%2C100italic%2C300%2C300italic%2Cregular%2Citalic%2C700%2C700italic%2C900%2C900italic|font_style:700%20bold%20regular%3A700%3Anormal\u00bb][vc_separator style=\u00bbblank\u00bb padding_top=\u00bb5&#8243; padding_bottom=\u00bb5&#8243;][\/vc_column][\/vc_row][vc_row css=\u00bb.vc_custom_1426638008345{padding-top: 80px !important;padding-bottom: 80px !important;}\u00bb][vc_column width=\u00bb1\/2&#8243;][vc_column_text][\/vc_column_text][\/vc_column][vc_column width=\u00bb1\/2&#8243;&#8230;<\/p>\n","protected":false},"author":1,"featured_media":0,"parent":0,"menu_order":0,"comment_status":"open","ping_status":"closed","template":"page-full.php","meta":{"footnotes":""},"class_list":["post-2921","page","type-page","status-publish","hentry"],"_links":{"self":[{"href":"http:\/\/www.taga-golf.com\/tg\/wp-json\/wp\/v2\/pages\/2921","targetHints":{"allow":["GET"]}}],"collection":[{"href":"http:\/\/www.taga-golf.com\/tg\/wp-json\/wp\/v2\/pages"}],"about":[{"href":"http:\/\/www.taga-golf.com\/tg\/wp-json\/wp\/v2\/types\/page"}],"author":[{"embeddable":true,"href":"http:\/\/www.taga-golf.com\/tg\/wp-json\/wp\/v2\/users\/1"}],"replies":[{"embeddable":true,"href":"http:\/\/www.taga-golf.com\/tg\/wp-json\/wp\/v2\/comments?post=2921"}],"version-history":[{"count":26,"href":"http:\/\/www.taga-golf.com\/tg\/wp-json\/wp\/v2\/pages\/2921\/revisions"}],"predecessor-version":[{"id":3792,"href":"http:\/\/www.taga-golf.com\/tg\/wp-json\/wp\/v2\/pages\/2921\/revisions\/3792"}],"wp:attachment":[{"href":"http:\/\/www.taga-golf.com\/tg\/wp-json\/wp\/v2\/media?parent=2921"}],"curies":[{"name":"wp","href":"https:\/\/api.w.org\/{rel}","templated":true}]}}